{"id":3670,"date":"2023-01-03T17:41:09","date_gmt":"2023-01-03T16:41:09","guid":{"rendered":"https:\/\/troy-s.ba\/?page_id=3670"},"modified":"2023-01-09T20:25:49","modified_gmt":"2023-01-09T19:25:49","slug":"kontakt","status":"publish","type":"page","link":"https:\/\/troy-s.ba\/en\/kontakt\/","title":{"rendered":"CONTACT US"},"content":{"rendered":"<section class=\"wpb-content-wrapper\"><div data-vc-full-width=\"true\" data-vc-full-width-init=\"false\" data-vc-stretch-content=\"true\" class=\"vc_row wpb_row vc_row-fluid vc_custom_1672764080594 vc_row-no-padding\"><div class=\"wpb_column vc_column_container vc_col-sm-12 vc_hidden-sm vc_hidden-xs sc_layouts_column_icons_position_left\"><div class=\"vc_column-inner\"><div class=\"wpb_wrapper\"><div id=\"sc_googlemap_1941605356_wrap\" class=\"sc_googlemap_wrap\"><div class=\"sc_googlemap_content color_style_default scheme_dark_wrap\"><div id=\"sc_googlemap_1941605356\"\r\n\t\t\tclass=\"sc_googlemap sc_googlemap_default\"\r\n\t\t\t style=\"width:100%;height:695px;\"\t\t\tdata-zoom=\"13\"\r\n\t\t\tdata-center=\"43.820994853895364, 18.38134639904308\"\r\n\t\t\tdata-style=\"dark\"\r\n\t\t\tdata-cluster-icon=\"\"\r\n\t\t\t><iframe\r\n\t\t\t\t\tsrc=\"https:\/\/maps.google.com\/maps?t=m&output=embed&iwloc=near&z=13&q=Hilandarska+br.+9+71123+Isto%C4%8Dno+Novo+Sarajevo\"\r\n\t\t\t\t\taria-label=\"\"><\/iframe><\/div>\t\t\t<div class=\"sc_googlemap_content color_style_default scheme_dark sc_googlemap_content_default\"><div id=\"sc_title_1347372862\"\r\n\t\tclass=\"sc_title color_style_default sc_title_default\"><h3 class=\"sc_item_title sc_title_title sc_align_left sc_item_title_style_default\">TROY-S d.o.o.<\/h3><div class=\"sc_item_descr sc_title_descr sc_align_left\"><p><strong>Adress: <\/strong>Hilandarska br. 9 71123 Isto\u010dno Novo Sarajevo BiH<br \/>\n<strong>Phone:<\/strong> +387 66 811 668<br \/>\n<strong>Email: <\/strong>info@troy-s.ba<\/p>\n<\/div><div class=\"sc_item_button sc_button_wrap sc_align_left\"><a href=\"tel: 38766811668\" id=\"sc_button_681551877\" class=\"sc_button color_style_default sc_button_default sc_item_button sc_item_button_default sc_title_button sc_button_size_normal sc_button_icon_left\"><span class=\"sc_button_text\"><span class=\"sc_button_title\">CALL US<\/span><\/span><!-- \/.sc_button_text --><\/a><!-- \/.sc_button --><\/div><!-- \/.sc_item_button --><\/div><!-- \/.sc_title --><\/div>\r\n\t\t<\/div>\r\n\t\t<\/div><!-- \/.sc_googlemap_wrap --><\/div><\/div><\/div><\/div><div class=\"vc_row-full-width vc_clearfix\"><\/div><div class=\"vc_row wpb_row vc_row-fluid vc_custom_1673292264784\"><div class=\"wpb_column vc_column_container vc_col-sm-12 sc_layouts_column_icons_position_left\"><div class=\"vc_column-inner\"><div class=\"wpb_wrapper\"><div id=\"sc_title_1192006409\"\r\n\t\tclass=\"sc_title color_style_default sc_title_default\"><h3 class=\"sc_item_title sc_title_title sc_align_center sc_item_title_style_default\">CONTACT US<\/h3><div class=\"sc_item_descr sc_title_descr sc_align_center\"><p>In today's business world, which is characterized by aggressiveness, strong competition and frequent changes, it is necessary to know competent and reliable business partners. Let your business ambition come true - contact us.<\/p>\n<h5 style=\"margin-top: 10px;\">The Revolution Of Your Success !<\/h5>\n<p><strong>TROY-S d.o.o.<\/strong><br \/>\nHilandarska br. 9<br \/>\n71123 Isto\u010dno Novo Sarajevo<br \/>\nBosnia and Herzegovina<br \/>\nPhone: +387 66 811 668<\/p>\n<p>You can send all your inquiries to the e-mail:  info@troy-s.ba<\/p>\n<\/div><\/div><!-- \/.sc_title --><div class=\"vc_empty_space  vc_custom_1672740432651 height_small\"   style=\"height: 50px\"><span class=\"vc_empty_space_inner\"><\/span><\/div><\/div><\/div><\/div><\/div><div class=\"vc_row wpb_row vc_row-fluid\"><div class=\"wpb_column vc_column_container vc_col-sm-12 vc_col-md-offset-2 vc_col-md-8 sc_layouts_column_icons_position_left\"><div class=\"vc_column-inner\"><div class=\"wpb_wrapper\">\n<div class=\"wpcf7 no-js\" id=\"wpcf7-f5-o1\" lang=\"en-US\" dir=\"ltr\">\n<div class=\"screen-reader-response\"><p role=\"status\" aria-live=\"polite\" aria-atomic=\"true\"><\/p> <ul><\/ul><\/div>\n<form action=\"\/en\/wp-json\/wp\/v2\/pages\/3670#wpcf7-f5-o1\" method=\"post\" class=\"wpcf7-form init\" aria-label=\"Contact form\" novalidate=\"novalidate\" data-status=\"init\" data-trp-original-action=\"\/en\/wp-json\/wp\/v2\/pages\/3670#wpcf7-f5-o1\">\n<div style=\"display: none;\">\n<input type=\"hidden\" name=\"_wpcf7\" value=\"5\" \/>\n<input type=\"hidden\" name=\"_wpcf7_version\" value=\"5.8.1\" \/>\n<input type=\"hidden\" name=\"_wpcf7_locale\" value=\"en_US\" \/>\n<input type=\"hidden\" name=\"_wpcf7_unit_tag\" value=\"wpcf7-f5-o1\" \/>\n<input type=\"hidden\" name=\"_wpcf7_container_post\" value=\"0\" \/>\n<input type=\"hidden\" name=\"_wpcf7_posted_data_hash\" value=\"\" \/>\n<\/div>\n<div class=\"trx_addons_columns_wrap\">\n\t<div class=\"trx_addons_column-1_2\">\n\t\t<p><span class=\"wpcf7-form-control-wrap\" data-name=\"your-message\"><textarea cols=\"40\" rows=\"10\" class=\"wpcf7-form-control wpcf7-textarea\" aria-invalid=\"false\" placeholder=\"Message\" name=\"your-message\"><\/textarea><\/span>\n\t\t<\/p>\n\t<\/div>\n\t<div class=\"trx_addons_column-1_2\">\n\t\t<p><span class=\"wpcf7-form-control-wrap\" data-name=\"your-name\"><input size=\"40\" class=\"wpcf7-form-control wpcf7-text wpcf7-validates-as-required\" aria-required=\"true\" aria-invalid=\"false\" placeholder=\"Your name *\" value=\"\" type=\"text\" name=\"your-name\" \/><\/span>\n\t\t<\/p>\n\t\t<p><span class=\"wpcf7-form-control-wrap\" data-name=\"your-email\"><input size=\"40\" class=\"wpcf7-form-control wpcf7-email wpcf7-validates-as-required wpcf7-text wpcf7-validates-as-email\" aria-required=\"true\" aria-invalid=\"false\" placeholder=\"Email*\" value=\"\" type=\"email\" name=\"your-email\" \/><\/span>\n\t\t<\/p>\n\t\t<p><span class=\"wpcf7-form-control-wrap\" data-name=\"your-telefon\"><input size=\"40\" class=\"wpcf7-form-control wpcf7-text\" aria-invalid=\"false\" placeholder=\"Phone\" value=\"\" type=\"text\" name=\"your-telefon\" \/><\/span>\n\t\t<\/p>\n\t\t<p><input class=\"wpcf7-form-control wpcf7-submit has-spinner\" type=\"submit\" value=\"Send\" \/>\n\t\t<\/p>\n\t<\/div>\n<\/div><div class=\"wpcf7-response-output\" aria-hidden=\"true\"><\/div>\n<input type=\"hidden\" name=\"trp-form-language\" value=\"en\"\/><\/form>\n<\/div>\n<\/div><\/div><\/div><\/div>\n<\/section>","protected":false},"excerpt":{"rendered":"TROY-S d.o.o.Adresa: Hilandarska br. 9 71123 Isto\u010dno Novo Sarajevo BiH Telefon: +387 66 811 668 Email: info@troy-s.ba Pozovite nas KONTAKTU dana\u0161njem poslovnom svijetu kojeg odlikuju agresivnost, sna\u017ena konkurencija i u\u010destale promjene nu\u017eno je poznavati kompetentne I pouzdane poslovne partnere. Neka Va\u0161a poslovna ambicija bude ostvarena \u2013 kontaktirajte nas. REVOLUCIJA USPJEHA ! TROY-S d.o.o. Hilandarska br. 9 71123 Isto\u010dno Novo Sarajevo&hellip;","protected":false},"author":1,"featured_media":0,"parent":0,"menu_order":0,"comment_status":"closed","ping_status":"closed","template":"","meta":{"footnotes":""},"class_list":["post-3670","page","type-page","status-publish","hentry"],"yoast_head":"<!-- This site is optimized with the Yoast SEO plugin v21.3 - https:\/\/yoast.com\/wordpress\/plugins\/seo\/ -->\n<title>KONTAKT - TROY-S d.o.o.<\/title>\n<meta name=\"robots\" content=\"index, follow, max-snippet:-1, max-image-preview:large, max-video-preview:-1\" \/>\n<link rel=\"canonical\" href=\"https:\/\/troy-s.ba\/en\/kontakt\/\" \/>\n<meta property=\"og:locale\" content=\"en_GB\" \/>\n<meta property=\"og:type\" content=\"article\" \/>\n<meta property=\"og:title\" content=\"KONTAKT - TROY-S d.o.o.\" \/>\n<meta property=\"og:url\" content=\"https:\/\/troy-s.ba\/en\/kontakt\/\" \/>\n<meta property=\"og:site_name\" content=\"TROY-S d.o.o.\" \/>\n<meta property=\"article:modified_time\" content=\"2023-01-09T19:25:49+00:00\" \/>\n<meta name=\"twitter:card\" content=\"summary_large_image\" \/>\n<meta name=\"twitter:label1\" content=\"Estimated reading time\" \/>\n\t<meta name=\"twitter:data1\" content=\"1 minute\" \/>\n<script type=\"application\/ld+json\" class=\"yoast-schema-graph\">{\"@context\":\"https:\/\/schema.org\",\"@graph\":[{\"@type\":\"WebPage\",\"@id\":\"https:\/\/troy-s.ba\/en\/kontakt\/\",\"url\":\"https:\/\/troy-s.ba\/en\/kontakt\/\",\"name\":\"KONTAKT - TROY-S d.o.o.\",\"isPartOf\":{\"@id\":\"https:\/\/troy-s.ba\/#website\"},\"datePublished\":\"2023-01-03T16:41:09+00:00\",\"dateModified\":\"2023-01-09T19:25:49+00:00\",\"breadcrumb\":{\"@id\":\"https:\/\/troy-s.ba\/en\/kontakt\/#breadcrumb\"},\"inLanguage\":\"en-GB\",\"potentialAction\":[{\"@type\":\"ReadAction\",\"target\":[\"https:\/\/troy-s.ba\/en\/kontakt\/\"]}]},{\"@type\":\"BreadcrumbList\",\"@id\":\"https:\/\/troy-s.ba\/en\/kontakt\/#breadcrumb\",\"itemListElement\":[{\"@type\":\"ListItem\",\"position\":1,\"name\":\"Home\",\"item\":\"https:\/\/troy-s.ba\/\"},{\"@type\":\"ListItem\",\"position\":2,\"name\":\"KONTAKT\"}]},{\"@type\":\"WebSite\",\"@id\":\"https:\/\/troy-s.ba\/#website\",\"url\":\"https:\/\/troy-s.ba\/\",\"name\":\"TROY-S d.o.o.\",\"description\":\"\",\"publisher\":{\"@id\":\"https:\/\/troy-s.ba\/#organization\"},\"potentialAction\":[{\"@type\":\"SearchAction\",\"target\":{\"@type\":\"EntryPoint\",\"urlTemplate\":\"https:\/\/troy-s.ba\/?s={search_term_string}\"},\"query-input\":\"required name=search_term_string\"}],\"inLanguage\":\"en-GB\"},{\"@type\":\"Organization\",\"@id\":\"https:\/\/troy-s.ba\/#organization\",\"name\":\"TROY-S d.o.o.\",\"url\":\"https:\/\/troy-s.ba\/\",\"logo\":{\"@type\":\"ImageObject\",\"inLanguage\":\"en-GB\",\"@id\":\"https:\/\/troy-s.ba\/#\/schema\/logo\/image\/\",\"url\":\"https:\/\/troy-s.ba\/wp-content\/uploads\/2017\/08\/logo-1.png\",\"contentUrl\":\"https:\/\/troy-s.ba\/wp-content\/uploads\/2017\/08\/logo-1.png\",\"width\":300,\"height\":131,\"caption\":\"TROY-S d.o.o.\"},\"image\":{\"@id\":\"https:\/\/troy-s.ba\/#\/schema\/logo\/image\/\"}}]}<\/script>\n<!-- \/ Yoast SEO plugin. -->","yoast_head_json":{"title":"KONTAKT - TROY-S d.o.o.","robots":{"index":"index","follow":"follow","max-snippet":"max-snippet:-1","max-image-preview":"max-image-preview:large","max-video-preview":"max-video-preview:-1"},"canonical":"https:\/\/troy-s.ba\/en\/kontakt\/","og_locale":"en_GB","og_type":"article","og_title":"KONTAKT - TROY-S d.o.o.","og_url":"https:\/\/troy-s.ba\/en\/kontakt\/","og_site_name":"TROY-S d.o.o.","article_modified_time":"2023-01-09T19:25:49+00:00","twitter_card":"summary_large_image","twitter_misc":{"Estimated reading time":"1 minute"},"schema":{"@context":"https:\/\/schema.org","@graph":[{"@type":"WebPage","@id":"https:\/\/troy-s.ba\/en\/kontakt\/","url":"https:\/\/troy-s.ba\/en\/kontakt\/","name":"KONTAKT - TROY-S d.o.o.","isPartOf":{"@id":"https:\/\/troy-s.ba\/#website"},"datePublished":"2023-01-03T16:41:09+00:00","dateModified":"2023-01-09T19:25:49+00:00","breadcrumb":{"@id":"https:\/\/troy-s.ba\/en\/kontakt\/#breadcrumb"},"inLanguage":"en-GB","potentialAction":[{"@type":"ReadAction","target":["https:\/\/troy-s.ba\/en\/kontakt\/"]}]},{"@type":"BreadcrumbList","@id":"https:\/\/troy-s.ba\/en\/kontakt\/#breadcrumb","itemListElement":[{"@type":"ListItem","position":1,"name":"Home","item":"https:\/\/troy-s.ba\/"},{"@type":"ListItem","position":2,"name":"KONTAKT"}]},{"@type":"WebSite","@id":"https:\/\/troy-s.ba\/#website","url":"https:\/\/troy-s.ba\/","name":"TROY-S d.o.o.","description":"","publisher":{"@id":"https:\/\/troy-s.ba\/#organization"},"potentialAction":[{"@type":"SearchAction","target":{"@type":"EntryPoint","urlTemplate":"https:\/\/troy-s.ba\/?s={search_term_string}"},"query-input":"required name=search_term_string"}],"inLanguage":"en-GB"},{"@type":"Organization","@id":"https:\/\/troy-s.ba\/#organization","name":"TROY-S d.o.o.","url":"https:\/\/troy-s.ba\/","logo":{"@type":"ImageObject","inLanguage":"en-GB","@id":"https:\/\/troy-s.ba\/#\/schema\/logo\/image\/","url":"https:\/\/troy-s.ba\/wp-content\/uploads\/2017\/08\/logo-1.png","contentUrl":"https:\/\/troy-s.ba\/wp-content\/uploads\/2017\/08\/logo-1.png","width":300,"height":131,"caption":"TROY-S d.o.o."},"image":{"@id":"https:\/\/troy-s.ba\/#\/schema\/logo\/image\/"}}]}},"_links":{"self":[{"href":"https:\/\/troy-s.ba\/en\/wp-json\/wp\/v2\/pages\/3670","targetHints":{"allow":["GET"]}}],"collection":[{"href":"https:\/\/troy-s.ba\/en\/wp-json\/wp\/v2\/pages"}],"about":[{"href":"https:\/\/troy-s.ba\/en\/wp-json\/wp\/v2\/types\/page"}],"author":[{"embeddable":true,"href":"https:\/\/troy-s.ba\/en\/wp-json\/wp\/v2\/users\/1"}],"replies":[{"embeddable":true,"href":"https:\/\/troy-s.ba\/en\/wp-json\/wp\/v2\/comments?post=3670"}],"version-history":[{"count":0,"href":"https:\/\/troy-s.ba\/en\/wp-json\/wp\/v2\/pages\/3670\/revisions"}],"wp:attachment":[{"href":"https:\/\/troy-s.ba\/en\/wp-json\/wp\/v2\/media?parent=3670"}],"curies":[{"name":"wp","href":"https:\/\/api.w.org\/{rel}","templated":true}]}}